{"id":104,"date":"2011-06-07T21:13:57","date_gmt":"2011-06-07T21:13:57","guid":{"rendered":"https:\/\/ruth-loebner.de\/?page_id=104"},"modified":"2023-11-16T08:58:08","modified_gmt":"2023-11-16T08:58:08","slug":"impressum","status":"publish","type":"page","link":"https:\/\/ruth-loebner.de\/?page_id=104","title":{"rendered":"Impressum und Datenschutz"},"content":{"rendered":"<h4><strong>Kontakt<\/strong>:<\/h4>\n<p>Ruth L\u00f6bner<br \/>\nDohrer Str. 162<br \/>\n41238 M\u00f6nchengladbach<br \/>\n02166\/186567<\/p>\n<p>ruth.loebner@gmx.de<br \/>\nUSt-ID: DE356909036<\/p>\n<h4><strong>Datenschutzerkl\u00e4rung<\/strong><\/h4>\n<p>Wie wir alle wissen, m\u00fcssen ab dem 25. Mai 2018 auf jeder Website die neuen Datenschutzbestimmungen laut EU-DSGVO eingehalten werden. Ich habe versucht, die Sachlage einigerma\u00dfen zu verstehen und kann mit reinem Gewissen behaupten, dass ich kein Schundluder mit den Daten meiner Website-Besucher treibe. Mich interessieren die Daten meiner Website-Besucher n\u00e4mlich ehrlich gesagt nicht.<\/p>\n<p>In offiziellem Amts-Deutsch klingt das dann etwa so:<\/p>\n<h4>&nbsp;<strong>Grundlegendes<\/strong><\/h4>\n<p>Diese Datenschutzerkl\u00e4rung soll Sie als Nutzer meiner Website \u00fcber die Art, den Umfang und den Zweck der Erhebung und Verwendung Ihrer personenbezogenen Daten durch mich informieren.<\/p>\n<p>Ich behandele Ihre personenbezogenen Daten vertraulich und entsprechend der gesetzlichen Vorschriften. Da durch neue Technologien und die st\u00e4ndige Weiterentwicklung dieser Webseite \u00c4nderungen an der Datenschutzerkl\u00e4rung vorgenommen werden k\u00f6nnen, empfehle ich Ihnen, sich die Datenschutzerkl\u00e4rung in regelm\u00e4\u00dfigen Abst\u00e4nden wieder durchzulesen. Das macht ja auch Spa\u00df.<\/p>\n<p>Definitionen der verwendeten Begriffe (z.B. \u201cpersonenbezogene Daten\u201d oder \u201cVerarbeitung\u201d) finden Sie in Art. 4 DSGVO.<\/p>\n<h4><strong>Zugriffsdaten<\/strong><\/h4>\n<p>Offiziell erhebe ich aufgrund meines berechtigten Interesses (s. Art. 6 Abs. 1 lit. f. DSGVO) Daten \u00fcber Zugriffe auf die Website und speichere diese als \u201eServer-Logfiles\u201c auf dem Server der Website ab. In Wahrheit nutze ich nur das eingebaute Statistikprogramm \u201ePiwik\u201c von WordPress, das sich nicht abschalten l\u00e4sst. Folgende Daten werden so protokolliert:<\/p>\n<ul>\n<li>Besuchte Website<\/li>\n<li>Uhrzeit zum Zeitpunkt des Zugriffes<\/li>\n<li>Menge der gesendeten Daten in Byte<\/li>\n<li>Quelle\/Verweis, von welchem Sie auf die Seite gelangten<\/li>\n<li>Verwendeter Browser<\/li>\n<li>Verwendetes Betriebssystem<\/li>\n<li>Verwendete IP-Adresse<\/li>\n<\/ul>\n<p>Die Server-Logfiles werden f\u00fcr maximal 7 Tage gespeichert und anschlie\u00dfend gel\u00f6scht. Die Speicherung der Daten erfolgt aus Sicherheitsgr\u00fcnden, um z. B. Missbrauchsf\u00e4lle aufkl\u00e4ren zu k\u00f6nnen. M\u00fcssen Daten aus Beweisgr\u00fcnden aufgehoben werden, sind sie solange von der L\u00f6schung ausgenommen, bis der Vorfall endg\u00fcltig gekl\u00e4rt ist.<\/p>\n<p>Da bei mir alles automatisch gel\u00f6scht wird, mache ich mir eher Sorgen, dass ich im Falle eines echten Missbrauchs Daten ins Nirvana jage, die noch gebraucht werden. Alles hat eben zwei Seiten, aber das wussten wir ja schon immer.<\/p>\n<h4><strong>Cookies<\/strong><\/h4>\n<p>Diese Website verwendet keine Cookies. Sorgen Sie bitte gegebenenfalls selbst f\u00fcr etwas S\u00fc\u00dfes.<\/p>\n<h4><strong>Erfassung, Verarbeitung und Umgang mit personenbezogenen Daten<\/strong><\/h4>\n<p>Ich erhebe, nutze und gebe Ihre personenbezogenen Daten nur dann weiter, wenn dies im gesetzlichen Rahmen erlaubt ist oder Sie in die Datenerhebung einwilligen.<\/p>\n<p>Als personenbezogene Daten gelten s\u00e4mtliche Informationen, die dazu dienen, Ihre Person zu bestimmen und die zu Ihnen zur\u00fcckverfolgt werden k\u00f6nnen \u2013 also beispielsweise Ihr Name, Ihre E-Mail-Adresse und Telefonnummer. Das passiert allerdings nur, wenn Sie aktiv \u00fcber die im Impressum angegebenen Daten Kontakt mit mir aufnehmen. Wenn Sie das tun, gebe ich Ihre Daten selbstverst\u00e4ndlich an niemanden weiter, es sei denn, wir vereinbaren das explizit so miteinander.<\/p>\n<p>Im Allgemeinen besuchen Sie meine Seite, ohne Angaben zu Ihrer Person zu machen.<\/p>\n<p>Auf meiner Seite kann man nicht kommentieren und keine eigenen Beitr\u00e4ge verfassen. Ich verwende weder Google Analytics noch Social Media PlugIns. Es werden daher in diesem Rahmen keine IP-Adressen erfasst, gespeichert oder an andere Webseiten \u00fcbermittelt.<\/p>\n<h4><strong>Rechte des Nutzers<\/strong><\/h4>\n<p>Sie haben als Nutzer das Recht, auf Antrag eine kostenlose Auskunft dar\u00fcber zu erhalten, welche personenbezogenen Daten \u00fcber Sie gespeichert wurden. (Ich habe, ehrlich gesagt, keine Ahnung, wie ich das rauskriegen sollte. Aber vielleicht kann man das googeln?) Sie haben au\u00dferdem das Recht auf Berichtigung falscher Daten und auf die Verarbeitungseinschr\u00e4nkung oder L\u00f6schung Ihrer personenbezogenen Daten. Falls zutreffend, k\u00f6nnen Sie auch Ihr Recht auf Datenportabilit\u00e4t geltend machen. (Falls Sie wissen, was das ist. Auch das kann man sicher googeln.)<\/p>\n<p>Sollten Sie annehmen, dass Ihre Daten unrechtm\u00e4\u00dfig verarbeitet wurden, k\u00f6nnen Sie eine Beschwerde bei der zust\u00e4ndigen Aufsichtsbeh\u00f6rde einreichen. (Viel Gl\u00fcck!)<\/p>\n<h4><strong>L\u00f6schung von Daten<\/strong><\/h4>\n<p>Sofern Ihr Wunsch nicht mit einer gesetzlichen Pflicht zur Aufbewahrung von Daten (z. B. Vorratsdatenspeicherung) kollidiert, haben Sie ein Anrecht auf L\u00f6schung Ihrer Daten. Von mir gespeicherte Daten werden, sollten sie f\u00fcr ihre Zweckbestimmung nicht mehr vonn\u00f6ten sein und es keine gesetzlichen Aufbewahrungsfristen geben, gel\u00f6scht. Falls eine L\u00f6schung nicht durchgef\u00fchrt werden kann, da die Daten f\u00fcr zul\u00e4ssige gesetzliche Zwecke erforderlich sind, erfolgt eine Einschr\u00e4nkung der Datenverarbeitung. In diesem Fall werden die Daten gesperrt und nicht f\u00fcr andere Zwecke verarbeitet.<\/p>\n<h4><strong>Widerspruchsrecht<\/strong><\/h4>\n<p>Sie k\u00f6nnen als Nutzer dieser Webseite von Ihrem Widerspruchsrecht Gebrauch machen und der Verarbeitung Ihrer personenbezogenen Daten zu jeder Zeit widersprechen.<\/p>\n<p>Wenn Sie eine Berichtigung, Sperrung, L\u00f6schung oder Auskunft \u00fcber die zu Ihrer Person gespeicherten personenbezogenen Daten w\u00fcnschen oder Fragen bzgl. der Erhebung, Verarbeitung oder Verwendung Ihrer personenbezogenen Daten haben oder erteilte Einwilligungen widerrufen m\u00f6chten, wenden Sie sich bitte an folgende E-Mail-Adresse: ruth.loebner@gmx.de<\/p>\n","protected":false},"excerpt":{"rendered":"<p>Kontakt: Ruth L\u00f6bner Dohrer Str. 162 41238 M\u00f6nchengladbach 02166\/186567 ruth.loebner@gmx.de USt-ID: DE356909036 Datenschutzerkl\u00e4rung Wie wir alle wissen, m\u00fcssen ab dem 25. Mai 2018 auf jeder Website die neuen Datenschutzbestimmungen laut EU-DSGVO eingehalten werden. Ich habe versucht, die Sachlage einigerma\u00dfen zu verstehen und kann mit reinem Gewissen behaupten, dass ich kein Schundluder mit den Daten meiner&#8230;<\/p>\n","protected":false},"author":1,"featured_media":0,"parent":0,"menu_order":100,"comment_status":"closed","ping_status":"closed","template":"","meta":{"footnotes":""},"class_list":["post-104","page","type-page","status-publish","hentry"],"_links":{"self":[{"href":"https:\/\/ruth-loebner.de\/index.php?rest_route=\/wp\/v2\/pages\/104","targetHints":{"allow":["GET"]}}],"collection":[{"href":"https:\/\/ruth-loebner.de\/index.php?rest_route=\/wp\/v2\/pages"}],"about":[{"href":"https:\/\/ruth-loebner.de\/index.php?rest_route=\/wp\/v2\/types\/page"}],"author":[{"embeddable":true,"href":"https:\/\/ruth-loebner.de\/index.php?rest_route=\/wp\/v2\/users\/1"}],"replies":[{"embeddable":true,"href":"https:\/\/ruth-loebner.de\/index.php?rest_route=%2Fwp%2Fv2%2Fcomments&post=104"}],"version-history":[{"count":15,"href":"https:\/\/ruth-loebner.de\/index.php?rest_route=\/wp\/v2\/pages\/104\/revisions"}],"predecessor-version":[{"id":523,"href":"https:\/\/ruth-loebner.de\/index.php?rest_route=\/wp\/v2\/pages\/104\/revisions\/523"}],"wp:attachment":[{"href":"https:\/\/ruth-loebner.de\/index.php?rest_route=%2Fwp%2Fv2%2Fmedia&parent=104"}],"curies":[{"name":"wp","href":"https:\/\/api.w.org\/{rel}","templated":true}]}}