{"id":28,"date":"2011-06-07T14:22:16","date_gmt":"2011-06-07T14:22:16","guid":{"rendered":"https:\/\/ruth-loebner.de\/?page_id=28"},"modified":"2020-03-09T15:46:03","modified_gmt":"2020-03-09T15:46:03","slug":"meine-bucher","status":"publish","type":"page","link":"https:\/\/ruth-loebner.de\/?page_id=28","title":{"rendered":"Kinder"},"content":{"rendered":"<h4><a href=\"https:\/\/ruth-loebner.de\/wp-content\/uploads\/2011\/06\/Hermann-und-Babette1.jpg\"><img loading=\"lazy\" decoding=\"async\" class=\"alignleft size-thumbnail wp-image-331\" title=\"Hermann und Babette\" src=\"https:\/\/ruth-loebner.de\/wp-content\/uploads\/2011\/06\/Hermann-und-Babette1.jpg\" alt=\"\" width=\"108\" height=\"150\"\/><\/a> <span style=\"color: #333399;\"><strong>Die Kleine Frau Babette und Herr Mann<\/strong><\/span><\/h4>\n<p>Herr Mann beobachtet gern die Amseln im Garten, schreibt Gedichte und&nbsp;w\u00fcnscht sich einen Freund. Wie durch ein Wunder trifft er die Kleine Frau Babette, die am liebsten mit ihrem Reitschaf unterwegs ist, Sonnenstrahlen f\u00fcr den Winter sammelt und Regenkonzerte dirigiert. Von da an erleben die beiden gemeinsam spannende, lustige und nachdenkliche Tage.&nbsp;Das ergibt&nbsp;366 wundervolle Geschichten \u00fcber Freundschaft, Natur und Tiere, \u00fcber Jahreszeiten, Feste und vieles mehr, illustriert mit zauberhaften Bildern, typographischen Spielereien und einem Daumenkino. Ein Hausbuch f\u00fcr Gro\u00df und Klein &#8211; f\u00fcr die ganze Familie.<\/p>\n<p>Mein ganz besonderes Herzenskind, gemeinsam verfasst mit meiner wundervollen Kollegin und Freundin Nikola Huppertz. Liebevoll illustriert von SaBine B\u00fcchner.<\/p>\n<p>Erschienen im Arena Verlag, 2012.<\/p>\n<p>&nbsp;<\/p>\n<h4><strong><span style=\"color: #339966;\"><img loading=\"lazy\" decoding=\"async\" class=\"alignleft\" src=\"https:\/\/litatelier.files.wordpress.com\/2015\/11\/cover_mittsommerweihnacht.jpg\" alt=\"\" width=\"170\" height=\"235\"\/>Mittsommerweihnacht<\/span><\/strong><\/h4>\n<p>Pina ist ein echtes Christkind: Sie hat an Heiligabend Geburtstag. Und in diesem Jahr&nbsp;hat sie ihre Freunde f\u00fcr den Nachmittag des 24. Dezembers zum Kindergeburtstag eingeladen.&nbsp;Doch dann beschlie\u00dft der Pastor, zur selben Zeit ein Krippenspiel aufzuf\u00fchren, und prompt k\u00f6nnen sich Pinas G\u00e4ste nichts Tolleres vorstellen, als ein Schaf zu spielen.<\/p>\n<p>Ist ja kein Wunder, denkt Pina, dass alle nur an das Krippenspiel denken. Wie soll man bei Schokoweihnachtsm\u00e4nnern und Leuchtsternen auch in Stimmung kommen f\u00fcr Topfschlagen und Schokokusswettessen? Da hilft nur eins: Sommer muss her, mitten im Winter!<\/p>\n<p>F\u00fcr alle, die an hohen Festtagen Geburtstag haben und ungef\u00e4hr f\u00fcnf oder sechs oder sieben Jahre alt sind. Und f\u00fcr alle, die keine Lust auf Winter haben. Oder doch, aber nur heimlich. Oder \u2026 na ja. Mit herzerw\u00e4rmenden Illustrationen von Katja J\u00e4ger.<\/p>\n<p>Erschienen im Magellan Verlag (der Verlag mit dem Wal), 2014.<\/p>\n<p>&nbsp;<\/p>\n<h4><span style=\"color: #333333;\"><strong><a href=\"https:\/\/ruth-loebner.de\/wp-content\/uploads\/2011\/06\/Spaghetti-mit-Schokoso%C3%9Fe.jpeg\"><img loading=\"lazy\" decoding=\"async\" class=\"alignleft size-full wp-image-214\" title=\"Spaghetti mit Schokoso\u00dfe\" src=\"https:\/\/ruth-loebner.de\/wp-content\/uploads\/2011\/06\/Spaghetti-mit-Schokoso%C3%9Fe.jpeg\" alt=\"\" width=\"96\" height=\"143\"\/><\/a><\/strong><\/span><span style=\"color: #ff0000;\"><strong>Spaghetti mit Schokoso\u00dfe<\/strong><\/span><\/h4>\n<div><span style=\"color: #333333;\">An diesem Wochenende kann Joram nur einen Tag bei Papa verbringen. Der hat n\u00e4mlich kein Klavier in seiner Wohnung, und Joram muss unbedingt f\u00fcr die Aufnahmepr\u00fcfung am Musikinternat \u00fcben.<\/span><br \/>\n<span style=\"color: #333333;\"> Dass Papa sich ausgerechnet diesen Tag aussucht, um Joram zu verk\u00fcnden, dass er eine neue Freundin hat, ist irgendwie typisch. Auch noch eine mit einer kompletten Gro\u00dffamilie im Schlepptau. \u00bbAnders\u00ab sollen sie alle sein, und Joram erf\u00e4hrt bald, was das bedeuten soll, denn Papa f\u00e4hrt mit ihm schnurstracks zu den Neuen. Dort herrscht das totale Chaos. Und dann will Elisa, Jorams neue \u00bbSchwester\u00ab, ihm auch noch mithilfe eines K\u00e4fer-Experimentes weismachen, dass das Musikinternat gar nicht das ist, was er sich eigentlich w\u00fcnscht. Joram ist drauf und dran zu glauben, in einem verr\u00fcckten Traum gelandet zu sein.<\/span><\/div>\n<p><span style=\"color: #333333;\">F\u00fcr Kinder ab 10 Jahren, mit Illustrationen von Karsten Teich.<\/span><\/p>\n<div><span style=\"color: #333333;\">Erschienen beim Boje Verlag, 2011.<\/span><\/div>\n<div>\n<p><span style=\"color: #333333;\">als E-Book 9,99 Euro.<\/span><\/p>\n<ul>\n<li><strong>&#8222;Die Besten 7 f\u00fcr junge Leser&#8220; im Januar 2012<\/strong><\/li>\n<\/ul>\n<p>&nbsp;<\/p>\n<h4><strong><a href=\"https:\/\/ruth-loebner.de\/wp-content\/uploads\/2011\/06\/vielleicht-verliebt-2.jpeg\"><img loading=\"lazy\" decoding=\"async\" class=\"alignleft size-full wp-image-213\" title=\"vielleicht verliebt 2\" src=\"https:\/\/ruth-loebner.de\/wp-content\/uploads\/2011\/06\/vielleicht-verliebt-2.jpeg\" alt=\"\" width=\"96\" height=\"154\"\/><\/a><\/strong><span style=\"color: #993366;\"><strong>Vielleicht verliebt?<\/strong><\/span><\/h4>\n<p><span style=\"color: #333333;\">Immer diese Gl\u00fchw\u00fcrmchen! Elisa sieht sie \u00fcberall. Na ja: \u00fcberall, wo Joram ist. Hei\u00dft das etwa, sie ist verliebt? Aber reichen dazu Gl\u00fchw\u00fcrmchen? M\u00fcsste sie nicht eher ein Feuerwerk sehen? Elisa ist &#8211; ein ganz neues Gef\u00fchl! &#8211; unsicher. Und die Tatsache, dass Joram ihr neuer Stiefbruder ist, macht das Ganze auch nicht einfacher. Zum Gl\u00fcck hat das Leben bis jetzt noch immer einen genialen Plan bereitgehalten. Also Augen auf und durch!<\/span><\/p>\n<p><span style=\"color: #333333;\">Der zweite Roman um das turbulente Zusammenfinden der Patchwork-Familie Bonnekamp\/Kaiser. Wieder f\u00fcr Kinder ab 10 Jahren, wieder mit Illustrationen von Karsten Teich. Aber diesmal erz\u00e4hlt Elisa! <\/span><\/p>\n<p><span style=\"color: #333333;\">Erschienen im Boje-Verlag im Mai 2012.<\/span><br \/>\n<span style=\"color: #333333;\"> als E-Book 9,99 Euro.<\/span><\/p>\n<ul>\n<li><strong>gef\u00f6rdert mit einem Arbeitsstipendium des Landes NRW<br \/>\n<\/strong><\/li>\n<\/ul>\n<p>&nbsp;<\/p>\n<h4><span style=\"color: #333333;\"><strong><a href=\"https:\/\/ruth-loebner.de\/wp-content\/uploads\/2011\/06\/Jonaspapa.jpeg\"><img loading=\"lazy\" decoding=\"async\" class=\"alignleft size-full wp-image-216\" title=\"Jonaspapa\" src=\"https:\/\/ruth-loebner.de\/wp-content\/uploads\/2011\/06\/Jonaspapa.jpeg\" alt=\"\" width=\"96\" height=\"136\"\/><\/a><span style=\"color: #333399;\">Papa, Jonas und der Tausch-Sonntag<\/span><\/strong><\/span><\/h4>\n<div>\n<p><span style=\"color: #333333;\">Papa ist ein echter Pechvogel. Um wenigstens diesen einen Sonntag zu retten, hat Jonas eine geniale Idee: Einen Tag lang tauschen sie die Rollen! Jonas ist Papa, und Papa ist Jonas. Das klappt wie am Schn\u00fcrchen, bis Jonas an der Eisbude im Park eine b\u00f6se \u00dcberraschung erlebt. Zum Gl\u00fcck meistert Papa in der Jonas-Rolle die brenzlige Situation mit Bravour&#8230;<\/span><\/p>\n<p>&nbsp;<\/p>\n<\/div>\n<div>\n<p><span style=\"color: #333333;\">Ein Roman f\u00fcr Kinder ab 6 Jahren mit Illustrationen der wundervollen SaBine B\u00fcchner.<\/span><span style=\"color: #333333;\"><a href=\"https:\/\/ruth-loebner.de\/wp-content\/uploads\/2011\/06\/buch-des-monats.jpg\"><img loading=\"lazy\" decoding=\"async\" class=\"alignright size-full wp-image-269\" title=\"buch des monats\" src=\"https:\/\/ruth-loebner.de\/wp-content\/uploads\/2011\/06\/buch-des-monats.jpg\" alt=\"\" width=\"142\" height=\"144\"\/><\/a><\/span><\/p>\n<p><span style=\"color: #333333;\">Erschienen im Tulipan Verlag, 2010.<\/span><\/p>\n<ul>\n<li><span style=\"color: #333333;\"><span style=\"color: #333333;\"><strong>Nominiert f\u00fcr den Nachwuchspreis 2010 der Deutschen Akademie f\u00fcr Kinder- und Jugendliteratur<\/strong><\/span><\/span><\/li>\n<li><span style=\"color: #333333;\"><strong>&#8222;Buch des Monats&#8220; in der Kategorie Kinderbuch im Dezember 2010<\/strong><\/span><\/li>\n<li><strong>\u00dcbersetzt ins Koreanische und ins brasilianische Portugiesisch<\/strong><\/li>\n<\/ul>\n<p>&nbsp;<\/p>\n<\/div>\n<h4><strong><span style=\"color: #333333;\"><a href=\"https:\/\/ruth-loebner.de\/wp-content\/uploads\/2011\/06\/Haarwaschtag-21.jpg\"><img loading=\"lazy\" decoding=\"async\" class=\"alignleft size-full wp-image-208\" title=\"Haarwaschtag 2\" src=\"https:\/\/ruth-loebner.de\/wp-content\/uploads\/2011\/06\/Haarwaschtag-21.jpg\" alt=\"\" width=\"101\" height=\"110\"\/><\/a><\/span><\/strong><span style=\"color: #008080;\"><strong>Haarwaschtag<\/strong><\/span><\/h4>\n<div><span style=\"color: #333333;\">Heute ist Haarwaschtag. Und zum ersten Mal hilft Papa Emily beim Haarewaschen. Doch das ist gar nicht so einfach, merkt Papa. Denn die Seife kribbelt in den Augen und das Wasser kitzelt im Gesicht. Das mag Emily gar nicht. Ob es mit der Taucherbrille besser klappt? Ein lustiges Bilderbuch aus dem Kinderalltag, mit dem jede Haarw\u00e4sche gelingt.<\/span><\/div>\n<p><span style=\"color: #333333;\">Ein Bilderbuch f\u00fcr Kinder ab 3 Jahren, gemalt von Christiane Hansen.<\/span><\/p>\n<div>\n<p><span style=\"color: #333333;\">Erschienen bei Thienemann, 2011.<\/span><\/p>\n<ul>\n<li><strong>\u00dcbersetzt ins Niederl\u00e4ndische und ins D\u00e4nische<\/strong><\/li>\n<\/ul>\n<\/div>\n<p>&nbsp;<\/p>\n<h4><span style=\"color: #333333;\"><strong><a href=\"https:\/\/ruth-loebner.de\/wp-content\/uploads\/2011\/06\/Stark-wie-Prinzessin-Filippa5.jpg\"><img loading=\"lazy\" decoding=\"async\" class=\"alignleft size-thumbnail wp-image-205\" title=\"9607_Lo\u00acbner_Filippa\" src=\"https:\/\/ruth-loebner.de\/wp-content\/uploads\/2011\/06\/Stark-wie-Prinzessin-Filippa5-e1323675775890.jpg\" alt=\"\" width=\"117\" height=\"150\"\/><\/a> <span style=\"color: #99cc00;\">Stark wie Prinzessin Filippa<\/span><\/strong><\/span><\/h4>\n<div><span style=\"color: #333333;\">Nichts mag Lilly mehr als jeden Abend ihre Lieblings-Prinzessinnen-Geschichte zu h\u00f6ren. Doch eines Tages passiert etwas Seltsames: Die Geschichte ver\u00e4ndert sich! Aus der piekfeinen Prinzessin Filippa im rosa Kleid wird eine mutige (und ziemlich dreckige) Prinzessin, die sich von dem &nbsp;furchterregenden Drachen nicht mehr entf\u00fchren l\u00e4sst, sondern ihn eiskalt bezwingt. Wie konnte das denn nur passieren?!&nbsp;<\/span><\/div>\n<div><\/div>\n<div><span style=\"color: #333333;\">Ein Bilderbuch f\u00fcr Kinder ab 3 Jahren, gemalt von Sophie Schmid.<\/span><\/div>\n<div><span style=\"color: #333333;\">Erschienen bei Arena, 2011.<\/span><\/div>\n<p>&nbsp;<\/p>\n<\/div>\n","protected":false},"excerpt":{"rendered":"<p>Die Kleine Frau Babette und Herr Mann Herr Mann beobachtet gern die Amseln im Garten, schreibt Gedichte und&nbsp;w\u00fcnscht sich einen Freund. Wie durch ein Wunder trifft er die Kleine Frau Babette, die am liebsten mit ihrem Reitschaf unterwegs ist, Sonnenstrahlen f\u00fcr den Winter sammelt und Regenkonzerte dirigiert. Von da an erleben die beiden gemeinsam spannende,&#8230;<\/p>\n","protected":false},"author":1,"featured_media":0,"parent":0,"menu_order":2,"comment_status":"closed","ping_status":"closed","template":"","meta":{"footnotes":""},"class_list":["post-28","page","type-page","status-publish","hentry"],"_links":{"self":[{"href":"https:\/\/ruth-loebner.de\/index.php?rest_route=\/wp\/v2\/pages\/28","targetHints":{"allow":["GET"]}}],"collection":[{"href":"https:\/\/ruth-loebner.de\/index.php?rest_route=\/wp\/v2\/pages"}],"about":[{"href":"https:\/\/ruth-loebner.de\/index.php?rest_route=\/wp\/v2\/types\/page"}],"author":[{"embeddable":true,"href":"https:\/\/ruth-loebner.de\/index.php?rest_route=\/wp\/v2\/users\/1"}],"replies":[{"embeddable":true,"href":"https:\/\/ruth-loebner.de\/index.php?rest_route=%2Fwp%2Fv2%2Fcomments&post=28"}],"version-history":[{"count":107,"href":"https:\/\/ruth-loebner.de\/index.php?rest_route=\/wp\/v2\/pages\/28\/revisions"}],"predecessor-version":[{"id":469,"href":"https:\/\/ruth-loebner.de\/index.php?rest_route=\/wp\/v2\/pages\/28\/revisions\/469"}],"wp:attachment":[{"href":"https:\/\/ruth-loebner.de\/index.php?rest_route=%2Fwp%2Fv2%2Fmedia&parent=28"}],"curies":[{"name":"wp","href":"https:\/\/api.w.org\/{rel}","templated":true}]}}