{"id":356,"date":"2014-08-14T16:19:44","date_gmt":"2014-08-14T16:19:44","guid":{"rendered":"https:\/\/ruth-loebner.de\/?page_id=356"},"modified":"2019-05-18T08:20:31","modified_gmt":"2019-05-18T08:20:31","slug":"erwachsene","status":"publish","type":"page","link":"https:\/\/ruth-loebner.de\/?page_id=356","title":{"rendered":"Erwachsene"},"content":{"rendered":"<p>Anl\u00e4sslich des 30j\u00e4hrigen Bestehens des K\u00f6lner Literatur-Ateliers hat der Dittrich-Verlag eine Anthologie herausgebracht mit Beitr\u00e4gen ehemaliger und aktueller Mitglieder, darunter Jo Lendle, Ulla Lenze, Marcel Beyer, Norbert Hummelt, Mithu M. Sanyal, Sibylle Luithlen, Marie T. Martin, Ulrike Anne Bleier und viele, viele mehr. In der Sammlung findet sich auch meine Erz\u00e4hlung &#8222;Zur Feier des Tages&#8220;, in der eine Frau an ihrem 41. Geburtstag &#8211; genau ein Jahr nach dem Selbstmord ihres Geliebten &#8211; gegen die \u00dcbermacht der Erinnerungen ank\u00e4mpft &#8211; und verliert.<\/p>\n<p><img decoding=\"async\" class=\"img-responsive\" src=\"https:\/\/www.velbrueck.de\/out\/pictures\/generated\/product\/1\/290_435_85\/vlb_9783947373314_0.jpg\" alt=\"\u00dcber die Verh\u00e4ltnisse \" \/><\/p>\n<p>Im Heft 139 der \u00f6sterreichischen Literaturzeitschrift <strong>LICHTUNGEN<\/strong> ist 2014 meine Erz\u00e4hlung &#8222;Bacardi Limited&#8220; erschienen.<\/p>\n<p>Darin geht es um die Nachwirkungen einer Trennung: Eine Mutter verl\u00e4sst Mann und K<span class=\"text_exposed_show\">inder f\u00fcr eine andere Frau. Zwischen Selbstfindung und schlechtem Gewissen muss sie sich ihren Platz im neuen Leben suchen.<\/span><\/p>\n<p>Mich freut besonders, dass die Erz\u00e4hlung in einem Heft erscheint, in dem schwerpunktm\u00e4\u00dfig Literatur aus dem arabischen Raum vorgestellt wird, wo Homosexualit\u00e4t eine ganz andere Brisanz hat als bei uns, wodurch der\u00a0Text zus\u00e4tzlich in einen interkulturellen Kontext gestellt wird.<\/p>\n<p><span class=\"text_exposed_show\"><a href=\"https:\/\/ruth-loebner.de\/wp-content\/uploads\/2014\/08\/lichtungen139.jpg\"><img loading=\"lazy\" decoding=\"async\" class=\"alignnone size-medium wp-image-380\" src=\"https:\/\/ruth-loebner.de\/wp-content\/uploads\/2014\/08\/lichtungen139-212x300.jpg\" alt=\"lichtungen139\" width=\"212\" height=\"300\" srcset=\"https:\/\/ruth-loebner.de\/wp-content\/uploads\/2014\/08\/lichtungen139-212x300.jpg 212w, https:\/\/ruth-loebner.de\/wp-content\/uploads\/2014\/08\/lichtungen139.jpg 621w\" sizes=\"auto, (max-width: 212px) 100vw, 212px\" \/><\/a><br \/>\n<\/span><\/p>\n<p>In &#8222;Letzte Worte&#8220; f\u00fcttert eine Frau dem Mann Erbsensuppe, der sie als Kind missbraucht hat: ihrem Vater.<\/p>\n<p>Die Anthologie von 2010 versammelt die Siegertexte eines von Amnesty International ausgeschriebenen Literaturwettbewerbs zum Thema Menschenrechte. Erschienen in der Edition R\u00f6sner.<\/p>\n<p><img loading=\"lazy\" decoding=\"async\" class=\"aligncenter\" src=\"https:\/\/ecx.images-amazon.com\/images\/I\/51qRJR59mxL._AA160_.jpg\" alt=\"\" width=\"171\" height=\"171\" \/><\/p>\n<h3 class=\"abstand-top30\" style=\"color: #000000;\">Buchinfo<\/h3>\n<p class=\"abstand-top10\" style=\"color: #000000;\"><em>&#8222;Das Recht des Menschen ist mit ihm geboren worden. Dies ist das heiligste Gesetz der Erde.&#8220;<\/em><br \/>\n<strong>Armin T. Wegner<\/strong>, 1919<\/p>\n<p class=\"abstand-top20\" style=\"color: #000000;\">Eine Hommage an die Allgemeine Erkl\u00e4rung der Menschenrechte und an Armin T. Wegner \u2013 und ein einzigartiger Lese- und Erfahrungsband zu den Menschenrechten mit 26 Kurzgeschichten!<\/p>\n<p class=\"abstand-top20\" style=\"color: #000000;\">Die Unteilbarkeit der Menschenrechte spiegelt sich in diesem Lesebuch auf eine ganz besondere Weise wider:<br \/>\n26 AutorInnen widmen sich je einem Menschenrechtsartikel. Keiner der Beitr\u00e4ge beinhaltet nur ein Menschenrecht, sondern eine bunte Mischung von Menschenrechten, die es zu entdecken gilt. Eine solche besondere literarische Hommage an die Menschenrechte macht dieses Buch damit zu einem einzigartigen Leseerlebnis.<\/p>\n<p class=\"abstand-top20\" style=\"color: #000000;\">\n","protected":false},"excerpt":{"rendered":"<p>Anl\u00e4sslich des 30j\u00e4hrigen Bestehens des K\u00f6lner Literatur-Ateliers hat der Dittrich-Verlag eine Anthologie herausgebracht mit Beitr\u00e4gen ehemaliger und aktueller Mitglieder, darunter Jo Lendle, Ulla Lenze, Marcel Beyer, Norbert Hummelt, Mithu M. Sanyal, Sibylle Luithlen, Marie T. Martin, Ulrike Anne Bleier und viele, viele mehr. In der Sammlung findet sich auch meine Erz\u00e4hlung &#8222;Zur Feier des Tages&#8220;,&#8230;<\/p>\n","protected":false},"author":2,"featured_media":0,"parent":0,"menu_order":3,"comment_status":"closed","ping_status":"closed","template":"","meta":{"footnotes":""},"class_list":["post-356","page","type-page","status-publish","hentry"],"_links":{"self":[{"href":"https:\/\/ruth-loebner.de\/index.php?rest_route=\/wp\/v2\/pages\/356","targetHints":{"allow":["GET"]}}],"collection":[{"href":"https:\/\/ruth-loebner.de\/index.php?rest_route=\/wp\/v2\/pages"}],"about":[{"href":"https:\/\/ruth-loebner.de\/index.php?rest_route=\/wp\/v2\/types\/page"}],"author":[{"embeddable":true,"href":"https:\/\/ruth-loebner.de\/index.php?rest_route=\/wp\/v2\/users\/2"}],"replies":[{"embeddable":true,"href":"https:\/\/ruth-loebner.de\/index.php?rest_route=%2Fwp%2Fv2%2Fcomments&post=356"}],"version-history":[{"count":15,"href":"https:\/\/ruth-loebner.de\/index.php?rest_route=\/wp\/v2\/pages\/356\/revisions"}],"predecessor-version":[{"id":457,"href":"https:\/\/ruth-loebner.de\/index.php?rest_route=\/wp\/v2\/pages\/356\/revisions\/457"}],"wp:attachment":[{"href":"https:\/\/ruth-loebner.de\/index.php?rest_route=%2Fwp%2Fv2%2Fmedia&parent=356"}],"curies":[{"name":"wp","href":"https:\/\/api.w.org\/{rel}","templated":true}]}}