{"id":512,"date":"2022-09-12T06:27:18","date_gmt":"2022-09-12T06:27:18","guid":{"rendered":"https:\/\/ruth-loebner.de\/?page_id=512"},"modified":"2025-06-30T14:39:55","modified_gmt":"2025-06-30T14:39:55","slug":"pressestimmen","status":"publish","type":"page","link":"https:\/\/ruth-loebner.de\/?page_id=512","title":{"rendered":"Pressestimmen"},"content":{"rendered":"<p><i>Die Verse auf Deutsch zu lesen, l\u00f6st dieselben Gef\u00fchle und Reaktionen aus wie das Original. L\u00f6bner gelingt ein \u00dcbersetzungsspagat. Und das ist angesichts des eigenwilligen Stils von Marieke Lucas Rijneveld eine beeindruckende Leistung.<\/i><\/p>\n<p>Zur vollst\u00e4ndigen Rezension von &#8222;Kalbskummer. Phantomstute&#8220; auf TraLaLit geht es <a href=\"https:\/\/www.tralalit.de\/2022\/09\/07\/queere-tiere-und-zarte-stimmen\/\">hier<\/a>.<\/p>\n<p><i>Kalbskummer und Phantomstute zeigen, wie \u00fcber den vermeintlichen Umweg poetischen Sprechens aus der Auseinandersetzung mit einer tief und grundst\u00fcrzend erlebten Fremdheit und Br\u00fcchigkeit etwas Stabiles entsteht &#8230; Und sie beweisen das Talent von Marieke Lucas Rijneveld &#8230;<\/i><\/p>\n<p>Beate Tr\u00f6ger, DIE ZEIT<\/p>\n<p><i>&#8222;Pristina&#8220; ist ein kurzweiliger, humorvoller und gleichzeitig anr\u00fchrender Roman. Und ein leidenschaftliches Pl\u00e4doyer f\u00fcr mehr Realit\u00e4tssinn und Menschlichkeit in der Asylpolitik.<\/i><\/p>\n<p>Eva Karnofsky, zum Nachh\u00f6ren oder -lesen auf <a href=\"https:\/\/www1.wdr.de\/radio\/wdr5\/sendungen\/buecher\/lesefruechte\/pristina-106.html\">WDR5<\/a>.<\/p>\n<p><i>Als geradezu viszerale Erfahrung beschreibt Rezensentin Kathleen Hildebrand ihre Lekt\u00fcre von Anne Franks Erz\u00e4hlungen. Es sind Geschichten, die w\u00e4hrend des Aufenthaltes der Familie Frank in jenem Amsterdamer Hinterhaus entstanden und die der Jacoby &#038; Stuart Verlag nun neu aufgelegt hat, mit vielen sch\u00f6nen Bildern verschiedener bekannter Illustratorinnen und Illustratoren. Manche S\u00e4tze, so Hildebrand, treffen &#8222;zentral&#8220; in den &#8222;Bauch&#8220;. (&#8230;) Teilweise sind Franks Texte sehr literarisch, hin und wieder etwas p\u00e4dagogisch, und manchmal \u00fcberraschend weise. So lassen nicht nur Franks Tagebucheintr\u00e4ge, sondern auch ihre &#8222;F\u00fcller-Kinder&#8220; die Rezensentin vermuten, dass aus dieser jungen Frau wohl sp\u00e4ter eine gro\u00dfe Autorin geworden w\u00e4re.<\/i><\/p>\n<p>Perlentaucher<\/p>\n","protected":false},"excerpt":{"rendered":"<p>Die Verse auf Deutsch zu lesen, l\u00f6st dieselben Gef\u00fchle und Reaktionen aus wie das Original. L\u00f6bner gelingt ein \u00dcbersetzungsspagat. Und das ist angesichts des eigenwilligen Stils von Marieke Lucas Rijneveld eine beeindruckende Leistung. Zur vollst\u00e4ndigen Rezension von &#8222;Kalbskummer. Phantomstute&#8220; auf TraLaLit geht es hier. Kalbskummer und Phantomstute zeigen, wie \u00fcber den vermeintlichen Umweg poetischen Sprechens&#8230;<\/p>\n","protected":false},"author":2,"featured_media":0,"parent":0,"menu_order":5,"comment_status":"closed","ping_status":"closed","template":"","meta":{"footnotes":""},"class_list":["post-512","page","type-page","status-publish","hentry"],"_links":{"self":[{"href":"https:\/\/ruth-loebner.de\/index.php?rest_route=\/wp\/v2\/pages\/512","targetHints":{"allow":["GET"]}}],"collection":[{"href":"https:\/\/ruth-loebner.de\/index.php?rest_route=\/wp\/v2\/pages"}],"about":[{"href":"https:\/\/ruth-loebner.de\/index.php?rest_route=\/wp\/v2\/types\/page"}],"author":[{"embeddable":true,"href":"https:\/\/ruth-loebner.de\/index.php?rest_route=\/wp\/v2\/users\/2"}],"replies":[{"embeddable":true,"href":"https:\/\/ruth-loebner.de\/index.php?rest_route=%2Fwp%2Fv2%2Fcomments&post=512"}],"version-history":[{"count":5,"href":"https:\/\/ruth-loebner.de\/index.php?rest_route=\/wp\/v2\/pages\/512\/revisions"}],"predecessor-version":[{"id":551,"href":"https:\/\/ruth-loebner.de\/index.php?rest_route=\/wp\/v2\/pages\/512\/revisions\/551"}],"wp:attachment":[{"href":"https:\/\/ruth-loebner.de\/index.php?rest_route=%2Fwp%2Fv2%2Fmedia&parent=512"}],"curies":[{"name":"wp","href":"https:\/\/api.w.org\/{rel}","templated":true}]}}